{"id":126644323,"date":"2025-06-14T19:22:54","date_gmt":"2025-06-14T16:22:54","guid":{"rendered":"https:\/\/shuttershopegypt.com\/?post_type=product&#038;p=126644323"},"modified":"2026-03-25T17:10:00","modified_gmt":"2026-03-25T15:10:00","slug":"feelworld-f6-plus-5-5-inch-dslr-camera-field-touch-screen-monitor","status":"publish","type":"product","link":"https:\/\/shuttershopegypt.com\/ar\/shop-2\/feelworld-f6-plus-5-5-inch-dslr-camera-field-touch-screen-monitor\/","title":{"rendered":"FEELWORLD F6 Plus 5.5 inch DSLR Camera Field Touch Screen Monitor"},"content":{"rendered":"<h2>FEELWORLD F6 Plus 5.5 inch DSLR Camera Field Touch Screen Monitor<\/h2>\n<p>FEELWORLD F6 Plus 5.5 inch DSLR Camera Field Touch Screen Monitor with HDR 3D Lut Small Full HD 1920&#215;1080 IPS Video Peaking Focus Assist 4K HDMI 8.4V DC Input Output Include Tilt Arm<\/p>","protected":false},"excerpt":{"rendered":"<h4 class=\"accent-color price\">Key features<\/h4>\n<p>Newest Innovative Touch Screen\u3011 Get rid of complicated Buttons! All of the functions are at your fingertips. Its touchscreen allows you to zoom your image freely with a pinch gesture and access the menu settings conveniently. \u3010Custom 3D LUT Support\u3011 The LUT loading function makes the color calibration easier and more intuitive, helps you optimize the work-flow efficiently. You can upload 3D LUT cube to F6 Plus via SD card. \u3010Ideal Camera Partner\u3011 Efficient DC output design. With a dummy battery(Optional), it can power your DSLR or mirrorless camera at any time, extend the run-time of your camera, while provide a more usable display. \u3010Convenient Mounting &#8211; Tilt Arm\u3011 Allows F6 Plus monitor to rotate 360\u00b0for viewing, Includes a shoe mount of its own for accessories like a microphone, LED light, or wireless receiver, etc. \u3010Flexible Dual-purpose Battery Plate\u3011 Built-in two-in-one battery plate, compatible with Sony F Series and Canon LP-E6 batteries, providing long-time working condition. You don\u2019t need to buy battery plates separately. \u3010Package Include\u30111\u00d7 F6 Plus Monitor, 1\u00d7 Micro HDMI Cable, 1\u00d7 Sunshade, 1\u00d7 Tilt Arm, 1\u00d7 Manual\u3010Note: battery not include<\/p>","protected":false},"featured_media":126644324,"comment_status":"open","ping_status":"closed","template":"","meta":{"_acf_changed":false},"product_brand":[],"product_cat":[70191,70112],"product_tag":[53046,73169,55570,56469,73168,57178,57194,59547,62074],"class_list":{"0":"post-126644323","1":"product","2":"type-product","3":"status-publish","4":"has-post-thumbnail","6":"product_cat-external-recorder-monitor","7":"product_cat-photo-videoaccessories","8":"product_tag-24delivery","9":"product_tag-5-5-inch","10":"product_tag-camera","11":"product_tag-dslr-ar","12":"product_tag-f6-plus","13":"product_tag-feelworld-ar","14":"product_tag-field","15":"product_tag-monitor","16":"product_tag-touch-screen","17":"pa_brands-feelworld","18":"pa_delivery-2-4-days-delivery","20":"first","21":"instock","22":"shipping-taxable","23":"purchasable","24":"product-type-simple"},"acf":[],"yoast_head":"<!-- This site is optimized with the Yoast SEO Premium plugin v24.4 (Yoast SEO v27.3) - https:\/\/yoast.com\/product\/yoast-seo-premium-wordpress\/ -->\n<title>FEELWORLD F6 Plus 5.5 inch DSLR Camera Field Touch Screen Monitor - SHUTTER SHOP<\/title>\n<meta name=\"robots\" content=\"index, follow, max-snippet:-1, max-image-preview:large, max-video-preview:-1\" \/>\n<link rel=\"canonical\" href=\"https:\/\/shuttershopegypt.com\/ar\/shop-2\/feelworld-f6-plus-5-5-inch-dslr-camera-field-touch-screen-monitor\/\" \/>\n<meta property=\"og:locale\" content=\"ar_AR\" \/>\n<meta property=\"og:type\" content=\"article\" \/>\n<meta property=\"og:title\" content=\"FEELWORLD F6 Plus 5.5 inch DSLR Camera Field Touch Screen Monitor\" \/>\n<meta property=\"og:description\" content=\"Key features Newest Innovative Touch Screen\u3011 Get rid of complicated Buttons! All of the functions are at your fingertips. Its touchscreen allows you to zoom your image freely with a pinch gesture and access the menu settings conveniently. \u3010Custom 3D LUT Support\u3011 The LUT loading function makes the color calibration easier and more intuitive, helps you optimize the work-flow efficiently. You can upload 3D LUT cube to F6 Plus via SD card. \u3010Ideal Camera Partner\u3011 Efficient DC output design. With a dummy battery(Optional), it can power your DSLR or mirrorless camera at any time, extend the run-time of your camera, while provide a more usable display. \u3010Convenient Mounting - Tilt Arm\u3011 Allows F6 Plus monitor to rotate 360\u00b0for viewing, Includes a shoe mount of its own for accessories like a microphone, LED light, or wireless receiver, etc. \u3010Flexible Dual-purpose Battery Plate\u3011 Built-in two-in-one battery plate, compatible with Sony F Series and Canon LP-E6 batteries, providing long-time working condition. You don\u2019t need to buy battery plates separately. \u3010Package Include\u30111\u00d7 F6 Plus Monitor, 1\u00d7 Micro HDMI Cable, 1\u00d7 Sunshade, 1\u00d7 Tilt Arm, 1\u00d7 Manual\u3010Note: battery not include\" \/>\n<meta property=\"og:url\" content=\"https:\/\/shuttershopegypt.com\/ar\/shop-2\/feelworld-f6-plus-5-5-inch-dslr-camera-field-touch-screen-monitor\/\" \/>\n<meta property=\"og:site_name\" content=\"SHUTTER SHOP\" \/>\n<meta property=\"article:publisher\" content=\"https:\/\/www.facebook.com\/SHUTTERSCO\" \/>\n<meta property=\"article:modified_time\" content=\"2026-03-25T15:10:00+00:00\" \/>\n<meta property=\"og:image\" content=\"https:\/\/shuttershopegypt.com\/wp-content\/uploads\/2025\/06\/18-1.jpg\" \/>\n\t<meta property=\"og:image:width\" content=\"1411\" \/>\n\t<meta property=\"og:image:height\" content=\"1148\" \/>\n\t<meta property=\"og:image:type\" content=\"image\/jpeg\" \/>\n<meta name=\"twitter:card\" content=\"summary_large_image\" \/>\n<meta name=\"twitter:label1\" content=\"\u0627\u0644\u0633\u0639\u0631\" \/>\n\t<meta name=\"twitter:data1\" content=\"11,499&nbsp;EGP\" \/>\n\t<meta name=\"twitter:label2\" content=\"\u0627\u0644\u062a\u0648\u0641\u0631\" \/>\n\t<meta name=\"twitter:data2\" content=\"\u0645\u062a\u0648\u0641\u0631 \u0641\u064a \u0627\u0644\u0645\u062e\u0632\u0648\u0646\" \/>\n<script type=\"application\/ld+json\" class=\"yoast-schema-graph\">{\"@context\":\"https:\\\/\\\/schema.org\",\"@graph\":[{\"@type\":[\"WebPage\",\"ItemPage\"],\"@id\":\"https:\\\/\\\/shuttershopegypt.com\\\/shop-2\\\/feelworld-f6-plus-5-5-inch-dslr-camera-field-touch-screen-monitor\\\/\",\"url\":\"https:\\\/\\\/shuttershopegypt.com\\\/shop-2\\\/feelworld-f6-plus-5-5-inch-dslr-camera-field-touch-screen-monitor\\\/\",\"name\":\"FEELWORLD F6 Plus 5.5 inch DSLR Camera Field Touch Screen Monitor - SHUTTER SHOP\",\"isPartOf\":{\"@id\":\"https:\\\/\\\/shuttershopegypt.com\\\/en\\\/#website\"},\"primaryImageOfPage\":{\"@id\":\"https:\\\/\\\/shuttershopegypt.com\\\/shop-2\\\/feelworld-f6-plus-5-5-inch-dslr-camera-field-touch-screen-monitor\\\/#primaryimage\"},\"image\":{\"@id\":\"https:\\\/\\\/shuttershopegypt.com\\\/shop-2\\\/feelworld-f6-plus-5-5-inch-dslr-camera-field-touch-screen-monitor\\\/#primaryimage\"},\"thumbnailUrl\":\"https:\\\/\\\/shuttershopegypt.com\\\/wp-content\\\/uploads\\\/2025\\\/06\\\/18-1.jpg\",\"datePublished\":\"2025-06-14T16:22:54+00:00\",\"dateModified\":\"2026-03-25T15:10:00+00:00\",\"breadcrumb\":{\"@id\":\"https:\\\/\\\/shuttershopegypt.com\\\/shop-2\\\/feelworld-f6-plus-5-5-inch-dslr-camera-field-touch-screen-monitor\\\/#breadcrumb\"},\"inLanguage\":\"ar\",\"potentialAction\":[{\"@type\":\"ReadAction\",\"target\":[\"https:\\\/\\\/shuttershopegypt.com\\\/shop-2\\\/feelworld-f6-plus-5-5-inch-dslr-camera-field-touch-screen-monitor\\\/\"]}]},{\"@type\":\"ImageObject\",\"inLanguage\":\"ar\",\"@id\":\"https:\\\/\\\/shuttershopegypt.com\\\/shop-2\\\/feelworld-f6-plus-5-5-inch-dslr-camera-field-touch-screen-monitor\\\/#primaryimage\",\"url\":\"https:\\\/\\\/shuttershopegypt.com\\\/wp-content\\\/uploads\\\/2025\\\/06\\\/18-1.jpg\",\"contentUrl\":\"https:\\\/\\\/shuttershopegypt.com\\\/wp-content\\\/uploads\\\/2025\\\/06\\\/18-1.jpg\",\"width\":1411,\"height\":1148},{\"@type\":\"BreadcrumbList\",\"@id\":\"https:\\\/\\\/shuttershopegypt.com\\\/shop-2\\\/feelworld-f6-plus-5-5-inch-dslr-camera-field-touch-screen-monitor\\\/#breadcrumb\",\"itemListElement\":[{\"@type\":\"ListItem\",\"position\":1,\"name\":\"Home\",\"item\":\"https:\\\/\\\/shuttershopegypt.com\\\/en\\\/\"},{\"@type\":\"ListItem\",\"position\":2,\"name\":\"Shop\",\"item\":\"https:\\\/\\\/shuttershopegypt.com\\\/en\\\/shop\\\/\"},{\"@type\":\"ListItem\",\"position\":3,\"name\":\"FEELWORLD F6 Plus 5.5 inch DSLR Camera Field Touch Screen Monitor\"}]},{\"@type\":\"WebSite\",\"@id\":\"https:\\\/\\\/shuttershopegypt.com\\\/en\\\/#website\",\"url\":\"https:\\\/\\\/shuttershopegypt.com\\\/en\\\/\",\"name\":\"SHUTTER SHOP\",\"description\":\"Your go-to shop for everything production and more!\",\"publisher\":{\"@id\":\"https:\\\/\\\/shuttershopegypt.com\\\/en\\\/#organization\"},\"alternateName\":\"SHUTTER SHOP\",\"potentialAction\":[{\"@type\":\"SearchAction\",\"target\":{\"@type\":\"EntryPoint\",\"urlTemplate\":\"https:\\\/\\\/shuttershopegypt.com\\\/en\\\/?s={search_term_string}\"},\"query-input\":{\"@type\":\"PropertyValueSpecification\",\"valueRequired\":true,\"valueName\":\"search_term_string\"}}],\"inLanguage\":\"ar\"},{\"@type\":\"Organization\",\"@id\":\"https:\\\/\\\/shuttershopegypt.com\\\/en\\\/#organization\",\"name\":\"SHUTTER SHOP\",\"alternateName\":\"SHUTTER SHOP\",\"url\":\"https:\\\/\\\/shuttershopegypt.com\\\/en\\\/\",\"logo\":{\"@type\":\"ImageObject\",\"inLanguage\":\"ar\",\"@id\":\"https:\\\/\\\/shuttershopegypt.com\\\/en\\\/#\\\/schema\\\/logo\\\/image\\\/\",\"url\":\"https:\\\/\\\/shuttershopegypt.com\\\/wp-content\\\/uploads\\\/2024\\\/06\\\/final-logo-1024.png\",\"contentUrl\":\"https:\\\/\\\/shuttershopegypt.com\\\/wp-content\\\/uploads\\\/2024\\\/06\\\/final-logo-1024.png\",\"width\":1024,\"height\":1024,\"caption\":\"SHUTTER SHOP\"},\"image\":{\"@id\":\"https:\\\/\\\/shuttershopegypt.com\\\/en\\\/#\\\/schema\\\/logo\\\/image\\\/\"},\"sameAs\":[\"https:\\\/\\\/www.facebook.com\\\/SHUTTERSCO\"],\"email\":\"info@shuttershopegypt.com\",\"telephone\":\"01222996858\",\"legalName\":\"Bridges Trading\",\"vatID\":\"552-310-018\",\"numberOfEmployees\":{\"@type\":\"QuantitativeValue\",\"minValue\":\"11\",\"maxValue\":\"50\"}}]}<\/script>\n<meta property=\"product:brand\" content=\"FeelWorld\" \/>\n<meta property=\"product:price:amount\" content=\"11499\" \/>\n<meta property=\"product:price:currency\" content=\"EGP\" \/>\n<meta property=\"og:availability\" content=\"instock\" \/>\n<meta property=\"product:availability\" content=\"instock\" \/>\n<meta property=\"product:retailer_item_id\" content=\"a8ds4fadsf\" \/>\n<meta property=\"product:condition\" content=\"new\" \/>\n<!-- \/ Yoast SEO Premium plugin. -->","yoast_head_json":{"title":"FEELWORLD F6 Plus 5.5 inch DSLR Camera Field Touch Screen Monitor - SHUTTER SHOP","robots":{"index":"index","follow":"follow","max-snippet":"max-snippet:-1","max-image-preview":"max-image-preview:large","max-video-preview":"max-video-preview:-1"},"canonical":"https:\/\/shuttershopegypt.com\/ar\/shop-2\/feelworld-f6-plus-5-5-inch-dslr-camera-field-touch-screen-monitor\/","og_locale":"ar_AR","og_type":"article","og_title":"FEELWORLD F6 Plus 5.5 inch DSLR Camera Field Touch Screen Monitor","og_description":"Key features Newest Innovative Touch Screen\u3011 Get rid of complicated Buttons! All of the functions are at your fingertips. Its touchscreen allows you to zoom your image freely with a pinch gesture and access the menu settings conveniently. \u3010Custom 3D LUT Support\u3011 The LUT loading function makes the color calibration easier and more intuitive, helps you optimize the work-flow efficiently. You can upload 3D LUT cube to F6 Plus via SD card. \u3010Ideal Camera Partner\u3011 Efficient DC output design. With a dummy battery(Optional), it can power your DSLR or mirrorless camera at any time, extend the run-time of your camera, while provide a more usable display. \u3010Convenient Mounting - Tilt Arm\u3011 Allows F6 Plus monitor to rotate 360\u00b0for viewing, Includes a shoe mount of its own for accessories like a microphone, LED light, or wireless receiver, etc. \u3010Flexible Dual-purpose Battery Plate\u3011 Built-in two-in-one battery plate, compatible with Sony F Series and Canon LP-E6 batteries, providing long-time working condition. You don\u2019t need to buy battery plates separately. \u3010Package Include\u30111\u00d7 F6 Plus Monitor, 1\u00d7 Micro HDMI Cable, 1\u00d7 Sunshade, 1\u00d7 Tilt Arm, 1\u00d7 Manual\u3010Note: battery not include","og_url":"https:\/\/shuttershopegypt.com\/ar\/shop-2\/feelworld-f6-plus-5-5-inch-dslr-camera-field-touch-screen-monitor\/","og_site_name":"SHUTTER SHOP","article_publisher":"https:\/\/www.facebook.com\/SHUTTERSCO","article_modified_time":"2026-03-25T15:10:00+00:00","og_image":[{"width":1411,"height":1148,"url":"https:\/\/shuttershopegypt.com\/wp-content\/uploads\/2025\/06\/18-1.jpg","type":"image\/jpeg"}],"twitter_card":"summary_large_image","twitter_misc":{"\u0627\u0644\u0633\u0639\u0631":"11,499&nbsp;EGP","\u0627\u0644\u062a\u0648\u0641\u0631":"\u0645\u062a\u0648\u0641\u0631 \u0641\u064a \u0627\u0644\u0645\u062e\u0632\u0648\u0646"},"schema":{"@context":"https:\/\/schema.org","@graph":[{"@type":["WebPage","ItemPage"],"@id":"https:\/\/shuttershopegypt.com\/shop-2\/feelworld-f6-plus-5-5-inch-dslr-camera-field-touch-screen-monitor\/","url":"https:\/\/shuttershopegypt.com\/shop-2\/feelworld-f6-plus-5-5-inch-dslr-camera-field-touch-screen-monitor\/","name":"FEELWORLD F6 Plus 5.5 inch DSLR Camera Field Touch Screen Monitor - SHUTTER SHOP","isPartOf":{"@id":"https:\/\/shuttershopegypt.com\/en\/#website"},"primaryImageOfPage":{"@id":"https:\/\/shuttershopegypt.com\/shop-2\/feelworld-f6-plus-5-5-inch-dslr-camera-field-touch-screen-monitor\/#primaryimage"},"image":{"@id":"https:\/\/shuttershopegypt.com\/shop-2\/feelworld-f6-plus-5-5-inch-dslr-camera-field-touch-screen-monitor\/#primaryimage"},"thumbnailUrl":"https:\/\/shuttershopegypt.com\/wp-content\/uploads\/2025\/06\/18-1.jpg","datePublished":"2025-06-14T16:22:54+00:00","dateModified":"2026-03-25T15:10:00+00:00","breadcrumb":{"@id":"https:\/\/shuttershopegypt.com\/shop-2\/feelworld-f6-plus-5-5-inch-dslr-camera-field-touch-screen-monitor\/#breadcrumb"},"inLanguage":"ar","potentialAction":[{"@type":"ReadAction","target":["https:\/\/shuttershopegypt.com\/shop-2\/feelworld-f6-plus-5-5-inch-dslr-camera-field-touch-screen-monitor\/"]}]},{"@type":"ImageObject","inLanguage":"ar","@id":"https:\/\/shuttershopegypt.com\/shop-2\/feelworld-f6-plus-5-5-inch-dslr-camera-field-touch-screen-monitor\/#primaryimage","url":"https:\/\/shuttershopegypt.com\/wp-content\/uploads\/2025\/06\/18-1.jpg","contentUrl":"https:\/\/shuttershopegypt.com\/wp-content\/uploads\/2025\/06\/18-1.jpg","width":1411,"height":1148},{"@type":"BreadcrumbList","@id":"https:\/\/shuttershopegypt.com\/shop-2\/feelworld-f6-plus-5-5-inch-dslr-camera-field-touch-screen-monitor\/#breadcrumb","itemListElement":[{"@type":"ListItem","position":1,"name":"Home","item":"https:\/\/shuttershopegypt.com\/en\/"},{"@type":"ListItem","position":2,"name":"Shop","item":"https:\/\/shuttershopegypt.com\/en\/shop\/"},{"@type":"ListItem","position":3,"name":"FEELWORLD F6 Plus 5.5 inch DSLR Camera Field Touch Screen Monitor"}]},{"@type":"WebSite","@id":"https:\/\/shuttershopegypt.com\/en\/#website","url":"https:\/\/shuttershopegypt.com\/en\/","name":"SHUTTER SHOP","description":"\u0645\u062a\u062c\u0631\u0643 \u0627\u0644\u0645\u0641\u0636\u0644 \u0644\u0643\u0644 \u0634\u064a\u0621 \u0627\u0644\u0625\u0646\u062a\u0627\u062c \u0648\u0623\u0643\u062b\u0631!","publisher":{"@id":"https:\/\/shuttershopegypt.com\/en\/#organization"},"alternateName":"SHUTTER SHOP","potentialAction":[{"@type":"SearchAction","target":{"@type":"EntryPoint","urlTemplate":"https:\/\/shuttershopegypt.com\/en\/?s={search_term_string}"},"query-input":{"@type":"PropertyValueSpecification","valueRequired":true,"valueName":"search_term_string"}}],"inLanguage":"ar"},{"@type":"Organization","@id":"https:\/\/shuttershopegypt.com\/en\/#organization","name":"SHUTTER SHOP","alternateName":"SHUTTER SHOP","url":"https:\/\/shuttershopegypt.com\/en\/","logo":{"@type":"ImageObject","inLanguage":"ar","@id":"https:\/\/shuttershopegypt.com\/en\/#\/schema\/logo\/image\/","url":"https:\/\/shuttershopegypt.com\/wp-content\/uploads\/2024\/06\/final-logo-1024.png","contentUrl":"https:\/\/shuttershopegypt.com\/wp-content\/uploads\/2024\/06\/final-logo-1024.png","width":1024,"height":1024,"caption":"SHUTTER SHOP"},"image":{"@id":"https:\/\/shuttershopegypt.com\/en\/#\/schema\/logo\/image\/"},"sameAs":["https:\/\/www.facebook.com\/SHUTTERSCO"],"email":"info@shuttershopegypt.com","telephone":"01222996858","legalName":"Bridges Trading","vatID":"552-310-018","numberOfEmployees":{"@type":"QuantitativeValue","minValue":"11","maxValue":"50"}}]},"product_brand":"FeelWorld","product_price_amount":"11499","product_price_currency":"EGP","og_availability":"instock","product_availability":"instock","product_retailer_item_id":"a8ds4fadsf","product_condition":"new"},"_links":{"self":[{"href":"https:\/\/shuttershopegypt.com\/ar\/wp-json\/wp\/v2\/product\/126644323","targetHints":{"allow":["GET"]}}],"collection":[{"href":"https:\/\/shuttershopegypt.com\/ar\/wp-json\/wp\/v2\/product"}],"about":[{"href":"https:\/\/shuttershopegypt.com\/ar\/wp-json\/wp\/v2\/types\/product"}],"replies":[{"embeddable":true,"href":"https:\/\/shuttershopegypt.com\/ar\/wp-json\/wp\/v2\/comments?post=126644323"}],"wp:featuredmedia":[{"embeddable":true,"href":"https:\/\/shuttershopegypt.com\/ar\/wp-json\/wp\/v2\/media\/126644324"}],"wp:attachment":[{"href":"https:\/\/shuttershopegypt.com\/ar\/wp-json\/wp\/v2\/media?parent=126644323"}],"wp:term":[{"taxonomy":"product_brand","embeddable":true,"href":"https:\/\/shuttershopegypt.com\/ar\/wp-json\/wp\/v2\/product_brand?post=126644323"},{"taxonomy":"product_cat","embeddable":true,"href":"https:\/\/shuttershopegypt.com\/ar\/wp-json\/wp\/v2\/product_cat?post=126644323"},{"taxonomy":"product_tag","embeddable":true,"href":"https:\/\/shuttershopegypt.com\/ar\/wp-json\/wp\/v2\/product_tag?post=126644323"}],"curies":[{"name":"wp","href":"https:\/\/api.w.org\/{rel}","templated":true}]}}