{"id":126674810,"date":"2026-02-24T11:20:48","date_gmt":"2026-02-24T09:20:48","guid":{"rendered":"https:\/\/shuttershopegypt.com\/?post_type=product&#038;p=126674810"},"modified":"2026-04-01T16:36:19","modified_gmt":"2026-04-01T14:36:19","slug":"neewer-pg002-mini-matte-box","status":"publish","type":"product","link":"https:\/\/shuttershopegypt.com\/ar\/shop-2\/neewer-pg002-mini-matte-box\/","title":{"rendered":"NEEWER PG002 Mini Matte Box"},"content":{"rendered":"<div class=\"title-row\" data-dynamic-variant-content=\"title\">\n<h1 class=\"product-title\">NEEWER PG002 Mini Matte Box Overview<\/h1>\n<ul class=\"a-unordered-list a-vertical a-spacing-mini\">\n<li class=\"a-spacing-mini\"><span class=\"a-list-item\"><strong>Versatile Modular Matte Box<\/strong>&#8211; NEEWER PG002 Matte Box is universally compatible with Sony alpha A7R IV A7R V a7rv A7S III a7siii compatible with Canon R6 II R6 Mark II eos R5 and other DSLR and mirrorless cameras. This accessory avoids lens flare and glare and helps improve exposure control by blocking excessive light sources<\/span><\/li>\n<li class=\"a-spacing-mini\"><span class=\"a-list-item\"><strong>For 5 Sizes of Circular Lenses<\/strong>&#8211; The built in \u00f895mm standard ring allows direct use of \u00f892.5mm round filters (Note: Not for \u00f895mm filters). Four lens ring adapters (95-67mm\/95-72mm\/95-77mm\/95-82mm) let you connect CPL, ND, GND, UV, and other effects filters of different diameters. No dark corners when shooting at a 15mm focal length. The spring loaded buckle enables secure installation and quick lens ring adapter removal<\/span><\/li>\n<li class=\"a-spacing-mini\"><span class=\"a-list-item\"><strong>2 Stackable Filter Trays<\/strong>&#8211; 2 filter trays can hold NEEWER ND0.3\/0.6\/0.9\/1.2\/1.5\/2.1 Cinema Neutral Density Filter UV Filter Black Diffusion 1\/4 Filter, etc, also compatible with K&amp;F compatible with NISI compatible with TIFFEN 4&#8243;x5.65&#8243; square rectangular filters (not included). Stack the filter trays by sliding them into the bottom slots. Push the quick release buttons to remove them. Filters can be secured by the filter tray screw knobs and protected by rubber pads<\/span><\/li>\n<li class=\"a-spacing-mini\"><span class=\"a-list-item\"><strong>180\u00b0 Tilt Flag with &#8220;Plain&#8221; Carbon Fiber Weave<\/strong>&#8211; Tilt the top flag 180\u00b0 to block excessive light and prevent lens flare. Fold down the flag to cover the front filter and protect the lens. The top flag lock firmly secures the flag in place. And the thumb screw allows you to adjust the flag back and forth to accommodate 1 or 2 filter trays for perfect light blockage<\/span><\/li>\n<li class=\"a-spacing-mini\"><span class=\"a-list-item\"><strong>Compact &amp; Lightweight<\/strong>&#8211; Measuring 7.4&#8243;x5.4&#8243;x2.3&#8243;\/189x137x58mm and weighing 10.4oz\/295g, the carbon fiber top flag and PC + ABS matte box are durable and portable for outdoor shooting. The base has a 1\/4&#8243; thread with locating holes for mounting 15mm LWS Rod Support for Matte Box (CA028)<\/span><\/li>\n<\/ul>\n<\/div>\n<div class=\"\">\n<div id=\"shopify-block-AUlN2dTVxZVBKUWV2U__air_product_reviews_app_summary_block_geTRdh\" class=\"shopify-block shopify-app-block\">\n<div class=\"AirReviews-Widget--AppBlockSummary\">\n<div class=\"AirReviews-Widget AirReviews-Widget--Stars\">\n<div class=\"AirReviews-StarRatingWrapper\">\n<div class=\"AirReviews-StarRate medium  trustpilot-slim\">\n<div class=\"AirReviews-StarRate--Positive\">\n<div class=\"AirReviews-StarRate__Wrapper\">\n<div class=\"AirReviews-StarRate--Icon AirReviews-StarRate-single-star AirReviews-StarRate__Icon--Positive AirReviews-StarRate-5-star medium\"><\/div>\n<div class=\"AirReviews-StarRate--Icon AirReviews-StarRate__Icon--Negative medium\"><img decoding=\"async\" src=\"https:\/\/cdn.shopify.com\/s\/files\/1\/0225\/2960\/5706\/files\/A_3a439f6e-6daf-409e-93c1-35b5ebc1883c.jpg?v=1734672320\" \/><\/div>\n<\/div>\n<\/div>\n<\/div>\n<\/div>\n<\/div>\n<\/div>\n<\/div>\n<\/div>","protected":false},"excerpt":{"rendered":"<div class=\"flex flex-col text-sm pb-25\">\n<article class=\"text-token-text-primary w-full focus:outline-none [--shadow-height:45px] has-data-writing-block:pointer-events-none has-data-writing-block:-mt-(--shadow-height) has-data-writing-block:pt-(--shadow-height) [&amp;:has([data-writing-block])&gt;*]:pointer-events-auto scroll-mt-[calc(var(--header-height)+min(200px,max(70px,20svh)))]\" dir=\"auto\" data-turn-id=\"request-6996f041-8e7c-832c-b352-7da557006507-0\" data-testid=\"conversation-turn-166\" data-scroll-anchor=\"true\" data-turn=\"assistant\">\n<div class=\"text-base my-auto mx-auto pb-10 [--thread-content-margin:--spacing(4)] @w-sm\/main:[--thread-content-margin:--spacing(6)] @w-lg\/main:[--thread-content-margin:--spacing(16)] px-(--thread-content-margin)\">\n<div class=\"[--thread-content-max-width:40rem] @w-lg\/main:[--thread-content-max-width:48rem] mx-auto max-w-(--thread-content-max-width) flex-1 group\/turn-messages focus-visible:outline-hidden relative flex w-full min-w-0 flex-col agent-turn\">\n<div class=\"flex max-w-full flex-col grow\">\n<div class=\"min-h-8 text-message relative flex w-full flex-col items-end gap-2 text-start break-words whitespace-normal [.text-message+&amp;]:mt-1\" dir=\"auto\" data-message-author-role=\"assistant\" data-message-id=\"328c7c0d-d28d-463c-9c3a-e8fc92e8bd2b\" data-message-model-slug=\"gpt-5-2\">\n<div class=\"flex w-full flex-col gap-1 empty:hidden first:pt-[1px]\">\n<div class=\"markdown prose dark:prose-invert w-full wrap-break-word light markdown-new-styling\">\n<p data-start=\"0\" data-end=\"49\"><strong data-start=\"0\" data-end=\"49\">Key Features :<\/strong><\/p>\n<ul data-start=\"51\" data-end=\"593\" data-is-last-node=\"\" data-is-only-node=\"\">\n<li data-start=\"51\" data-end=\"116\">\n<p data-start=\"53\" data-end=\"116\">Universal matte box compatible with DSLR &amp; mirrorless cameras<\/p>\n<\/li>\n<li data-start=\"117\" data-end=\"176\">\n<p data-start=\"119\" data-end=\"176\">Blocks lens flare &amp; glare for improved exposure control<\/p>\n<\/li>\n<li data-start=\"177\" data-end=\"252\">\n<p data-start=\"179\" data-end=\"252\">Fits 95mm standard ring + adapters for 67mm \/ 72mm \/ 77mm \/ 82mm lenses<\/p>\n<\/li>\n<li data-start=\"253\" data-end=\"328\">\n<p data-start=\"255\" data-end=\"328\">Supports circular filters (CPL, ND, UV, GND) with no vignetting at 15mm<\/p>\n<\/li>\n<li data-start=\"329\" data-end=\"388\">\n<p data-start=\"331\" data-end=\"388\">Dual stackable filter trays for 4&#8243;x5.65&#8243; cinema filters<\/p>\n<\/li>\n<li data-start=\"389\" data-end=\"467\">\n<p data-start=\"391\" data-end=\"467\">180\u00b0 adjustable carbon fiber top flag for light blocking &amp; lens protection<\/p>\n<\/li>\n<li data-start=\"468\" data-end=\"535\">\n<p data-start=\"470\" data-end=\"535\">Compact &amp; lightweight design with durable PC + ABS construction<\/p>\n<\/li>\n<li data-start=\"536\" data-end=\"593\" data-is-last-node=\"\">\n<p data-start=\"538\" data-end=\"593\" data-is-last-node=\"\">1\/4&#8243; threaded base compatible with 15mm LWS rod support<\/p>\n<\/li>\n<\/ul>\n<\/div>\n<\/div>\n<\/div>\n<\/div>\n<\/div>\n<\/div>\n<\/article>\n<\/div>\n","protected":false},"featured_media":126674812,"comment_status":"open","ping_status":"closed","template":"","meta":{"_acf_changed":false},"product_brand":[],"product_cat":[70108,70111],"product_tag":[53046,75791,59804,75790],"class_list":{"0":"post-126674810","1":"product","2":"type-product","3":"status-publish","4":"has-post-thumbnail","6":"product_cat-lens-accessories","7":"product_cat-lenses-accessories","8":"product_tag-24delivery","9":"product_tag-mini-matte-box","10":"product_tag-neewer","11":"product_tag-pg002","12":"pa_brands-neewer","13":"pa_delivery-2-4-days-delivery","15":"first","16":"instock","17":"shipping-taxable","18":"purchasable","19":"product-type-simple"},"acf":[],"yoast_head":"<!-- This site is optimized with the Yoast SEO Premium plugin v24.4 (Yoast SEO v27.3) - https:\/\/yoast.com\/product\/yoast-seo-premium-wordpress\/ -->\n<title>NEEWER PG002 Mini Matte Box - SHUTTER SHOP<\/title>\n<meta name=\"robots\" content=\"index, follow, max-snippet:-1, max-image-preview:large, max-video-preview:-1\" \/>\n<link rel=\"canonical\" href=\"https:\/\/shuttershopegypt.com\/ar\/shop-2\/neewer-pg002-mini-matte-box\/\" \/>\n<meta property=\"og:locale\" content=\"ar_AR\" \/>\n<meta property=\"og:type\" content=\"article\" \/>\n<meta property=\"og:title\" content=\"NEEWER PG002 Mini Matte Box\" \/>\n<meta property=\"og:description\" content=\"Key Features :     Universal matte box compatible with DSLR &amp; mirrorless cameras    Blocks lens flare &amp; glare for improved exposure control    Fits 95mm standard ring + adapters for 67mm \/ 72mm \/ 77mm \/ 82mm lenses    Supports circular filters (CPL, ND, UV, GND) with no vignetting at 15mm    Dual stackable filter trays for 4&quot;x5.65&quot; cinema filters    180\u00b0 adjustable carbon fiber top flag for light blocking &amp; lens protection    Compact &amp; lightweight design with durable PC + ABS construction    1\/4&quot; threaded base compatible with 15mm LWS rod support\" \/>\n<meta property=\"og:url\" content=\"https:\/\/shuttershopegypt.com\/ar\/shop-2\/neewer-pg002-mini-matte-box\/\" \/>\n<meta property=\"og:site_name\" content=\"SHUTTER SHOP\" \/>\n<meta property=\"article:publisher\" content=\"https:\/\/www.facebook.com\/SHUTTERSCO\" \/>\n<meta property=\"article:modified_time\" content=\"2026-04-01T14:36:19+00:00\" \/>\n<meta property=\"og:image\" content=\"https:\/\/shuttershopegypt.com\/wp-content\/uploads\/2026\/02\/1_8d78d23d-030e-4289-8940-ecfbd521f86d.webp\" \/>\n\t<meta property=\"og:image:width\" content=\"1600\" \/>\n\t<meta property=\"og:image:height\" content=\"1600\" \/>\n\t<meta property=\"og:image:type\" content=\"image\/webp\" \/>\n<meta name=\"twitter:card\" content=\"summary_large_image\" \/>\n<meta name=\"twitter:label1\" content=\"\u0627\u0644\u0633\u0639\u0631\" \/>\n\t<meta name=\"twitter:data1\" content=\"4,999&nbsp;EGP\" \/>\n\t<meta name=\"twitter:label2\" content=\"\u0627\u0644\u062a\u0648\u0641\u0631\" \/>\n\t<meta name=\"twitter:data2\" content=\"\u0645\u062a\u0648\u0641\u0631 \u0641\u064a \u0627\u0644\u0645\u062e\u0632\u0648\u0646\" \/>\n<script type=\"application\/ld+json\" class=\"yoast-schema-graph\">{\"@context\":\"https:\\\/\\\/schema.org\",\"@graph\":[{\"@type\":[\"WebPage\",\"ItemPage\"],\"@id\":\"https:\\\/\\\/shuttershopegypt.com\\\/shop-2\\\/neewer-pg002-mini-matte-box\\\/\",\"url\":\"https:\\\/\\\/shuttershopegypt.com\\\/shop-2\\\/neewer-pg002-mini-matte-box\\\/\",\"name\":\"NEEWER PG002 Mini Matte Box - SHUTTER SHOP\",\"isPartOf\":{\"@id\":\"https:\\\/\\\/shuttershopegypt.com\\\/en\\\/#website\"},\"primaryImageOfPage\":{\"@id\":\"https:\\\/\\\/shuttershopegypt.com\\\/shop-2\\\/neewer-pg002-mini-matte-box\\\/#primaryimage\"},\"image\":{\"@id\":\"https:\\\/\\\/shuttershopegypt.com\\\/shop-2\\\/neewer-pg002-mini-matte-box\\\/#primaryimage\"},\"thumbnailUrl\":\"https:\\\/\\\/shuttershopegypt.com\\\/wp-content\\\/uploads\\\/2026\\\/02\\\/1_8d78d23d-030e-4289-8940-ecfbd521f86d.webp\",\"datePublished\":\"2026-02-24T09:20:48+00:00\",\"dateModified\":\"2026-04-01T14:36:19+00:00\",\"breadcrumb\":{\"@id\":\"https:\\\/\\\/shuttershopegypt.com\\\/shop-2\\\/neewer-pg002-mini-matte-box\\\/#breadcrumb\"},\"inLanguage\":\"ar\",\"potentialAction\":[{\"@type\":\"ReadAction\",\"target\":[\"https:\\\/\\\/shuttershopegypt.com\\\/shop-2\\\/neewer-pg002-mini-matte-box\\\/\"]}]},{\"@type\":\"ImageObject\",\"inLanguage\":\"ar\",\"@id\":\"https:\\\/\\\/shuttershopegypt.com\\\/shop-2\\\/neewer-pg002-mini-matte-box\\\/#primaryimage\",\"url\":\"https:\\\/\\\/shuttershopegypt.com\\\/wp-content\\\/uploads\\\/2026\\\/02\\\/1_8d78d23d-030e-4289-8940-ecfbd521f86d.webp\",\"contentUrl\":\"https:\\\/\\\/shuttershopegypt.com\\\/wp-content\\\/uploads\\\/2026\\\/02\\\/1_8d78d23d-030e-4289-8940-ecfbd521f86d.webp\",\"width\":1600,\"height\":1600},{\"@type\":\"BreadcrumbList\",\"@id\":\"https:\\\/\\\/shuttershopegypt.com\\\/shop-2\\\/neewer-pg002-mini-matte-box\\\/#breadcrumb\",\"itemListElement\":[{\"@type\":\"ListItem\",\"position\":1,\"name\":\"Home\",\"item\":\"https:\\\/\\\/shuttershopegypt.com\\\/en\\\/\"},{\"@type\":\"ListItem\",\"position\":2,\"name\":\"Shop\",\"item\":\"https:\\\/\\\/shuttershopegypt.com\\\/en\\\/shop\\\/\"},{\"@type\":\"ListItem\",\"position\":3,\"name\":\"NEEWER PG002 Mini Matte Box\"}]},{\"@type\":\"WebSite\",\"@id\":\"https:\\\/\\\/shuttershopegypt.com\\\/en\\\/#website\",\"url\":\"https:\\\/\\\/shuttershopegypt.com\\\/en\\\/\",\"name\":\"SHUTTER SHOP\",\"description\":\"Your go-to shop for everything production and more!\",\"publisher\":{\"@id\":\"https:\\\/\\\/shuttershopegypt.com\\\/en\\\/#organization\"},\"alternateName\":\"SHUTTER SHOP\",\"potentialAction\":[{\"@type\":\"SearchAction\",\"target\":{\"@type\":\"EntryPoint\",\"urlTemplate\":\"https:\\\/\\\/shuttershopegypt.com\\\/en\\\/?s={search_term_string}\"},\"query-input\":{\"@type\":\"PropertyValueSpecification\",\"valueRequired\":true,\"valueName\":\"search_term_string\"}}],\"inLanguage\":\"ar\"},{\"@type\":\"Organization\",\"@id\":\"https:\\\/\\\/shuttershopegypt.com\\\/en\\\/#organization\",\"name\":\"SHUTTER SHOP\",\"alternateName\":\"SHUTTER SHOP\",\"url\":\"https:\\\/\\\/shuttershopegypt.com\\\/en\\\/\",\"logo\":{\"@type\":\"ImageObject\",\"inLanguage\":\"ar\",\"@id\":\"https:\\\/\\\/shuttershopegypt.com\\\/en\\\/#\\\/schema\\\/logo\\\/image\\\/\",\"url\":\"https:\\\/\\\/shuttershopegypt.com\\\/wp-content\\\/uploads\\\/2024\\\/06\\\/final-logo-1024.png\",\"contentUrl\":\"https:\\\/\\\/shuttershopegypt.com\\\/wp-content\\\/uploads\\\/2024\\\/06\\\/final-logo-1024.png\",\"width\":1024,\"height\":1024,\"caption\":\"SHUTTER SHOP\"},\"image\":{\"@id\":\"https:\\\/\\\/shuttershopegypt.com\\\/en\\\/#\\\/schema\\\/logo\\\/image\\\/\"},\"sameAs\":[\"https:\\\/\\\/www.facebook.com\\\/SHUTTERSCO\"],\"email\":\"info@shuttershopegypt.com\",\"telephone\":\"01222996858\",\"legalName\":\"Bridges Trading\",\"vatID\":\"552-310-018\",\"numberOfEmployees\":{\"@type\":\"QuantitativeValue\",\"minValue\":\"11\",\"maxValue\":\"50\"}}]}<\/script>\n<meta property=\"product:brand\" content=\"Neewer\" \/>\n<meta property=\"product:price:amount\" content=\"4999\" \/>\n<meta property=\"product:price:currency\" content=\"EGP\" \/>\n<meta property=\"og:availability\" content=\"instock\" \/>\n<meta property=\"product:availability\" content=\"instock\" \/>\n<meta property=\"product:retailer_item_id\" content=\"NE66603837\" \/>\n<meta property=\"product:condition\" content=\"new\" \/>\n<!-- \/ Yoast SEO Premium plugin. -->","yoast_head_json":{"title":"NEEWER PG002 Mini Matte Box - SHUTTER SHOP","robots":{"index":"index","follow":"follow","max-snippet":"max-snippet:-1","max-image-preview":"max-image-preview:large","max-video-preview":"max-video-preview:-1"},"canonical":"https:\/\/shuttershopegypt.com\/ar\/shop-2\/neewer-pg002-mini-matte-box\/","og_locale":"ar_AR","og_type":"article","og_title":"NEEWER PG002 Mini Matte Box","og_description":"Key Features :     Universal matte box compatible with DSLR &amp; mirrorless cameras    Blocks lens flare &amp; glare for improved exposure control    Fits 95mm standard ring + adapters for 67mm \/ 72mm \/ 77mm \/ 82mm lenses    Supports circular filters (CPL, ND, UV, GND) with no vignetting at 15mm    Dual stackable filter trays for 4\"x5.65\" cinema filters    180\u00b0 adjustable carbon fiber top flag for light blocking &amp; lens protection    Compact &amp; lightweight design with durable PC + ABS construction    1\/4\" threaded base compatible with 15mm LWS rod support","og_url":"https:\/\/shuttershopegypt.com\/ar\/shop-2\/neewer-pg002-mini-matte-box\/","og_site_name":"SHUTTER SHOP","article_publisher":"https:\/\/www.facebook.com\/SHUTTERSCO","article_modified_time":"2026-04-01T14:36:19+00:00","og_image":[{"width":1600,"height":1600,"url":"https:\/\/shuttershopegypt.com\/wp-content\/uploads\/2026\/02\/1_8d78d23d-030e-4289-8940-ecfbd521f86d.webp","type":"image\/webp"}],"twitter_card":"summary_large_image","twitter_misc":{"\u0627\u0644\u0633\u0639\u0631":"4,999&nbsp;EGP","\u0627\u0644\u062a\u0648\u0641\u0631":"\u0645\u062a\u0648\u0641\u0631 \u0641\u064a \u0627\u0644\u0645\u062e\u0632\u0648\u0646"},"schema":{"@context":"https:\/\/schema.org","@graph":[{"@type":["WebPage","ItemPage"],"@id":"https:\/\/shuttershopegypt.com\/shop-2\/neewer-pg002-mini-matte-box\/","url":"https:\/\/shuttershopegypt.com\/shop-2\/neewer-pg002-mini-matte-box\/","name":"NEEWER PG002 Mini Matte Box - SHUTTER SHOP","isPartOf":{"@id":"https:\/\/shuttershopegypt.com\/en\/#website"},"primaryImageOfPage":{"@id":"https:\/\/shuttershopegypt.com\/shop-2\/neewer-pg002-mini-matte-box\/#primaryimage"},"image":{"@id":"https:\/\/shuttershopegypt.com\/shop-2\/neewer-pg002-mini-matte-box\/#primaryimage"},"thumbnailUrl":"https:\/\/shuttershopegypt.com\/wp-content\/uploads\/2026\/02\/1_8d78d23d-030e-4289-8940-ecfbd521f86d.webp","datePublished":"2026-02-24T09:20:48+00:00","dateModified":"2026-04-01T14:36:19+00:00","breadcrumb":{"@id":"https:\/\/shuttershopegypt.com\/shop-2\/neewer-pg002-mini-matte-box\/#breadcrumb"},"inLanguage":"ar","potentialAction":[{"@type":"ReadAction","target":["https:\/\/shuttershopegypt.com\/shop-2\/neewer-pg002-mini-matte-box\/"]}]},{"@type":"ImageObject","inLanguage":"ar","@id":"https:\/\/shuttershopegypt.com\/shop-2\/neewer-pg002-mini-matte-box\/#primaryimage","url":"https:\/\/shuttershopegypt.com\/wp-content\/uploads\/2026\/02\/1_8d78d23d-030e-4289-8940-ecfbd521f86d.webp","contentUrl":"https:\/\/shuttershopegypt.com\/wp-content\/uploads\/2026\/02\/1_8d78d23d-030e-4289-8940-ecfbd521f86d.webp","width":1600,"height":1600},{"@type":"BreadcrumbList","@id":"https:\/\/shuttershopegypt.com\/shop-2\/neewer-pg002-mini-matte-box\/#breadcrumb","itemListElement":[{"@type":"ListItem","position":1,"name":"Home","item":"https:\/\/shuttershopegypt.com\/en\/"},{"@type":"ListItem","position":2,"name":"Shop","item":"https:\/\/shuttershopegypt.com\/en\/shop\/"},{"@type":"ListItem","position":3,"name":"NEEWER PG002 Mini Matte Box"}]},{"@type":"WebSite","@id":"https:\/\/shuttershopegypt.com\/en\/#website","url":"https:\/\/shuttershopegypt.com\/en\/","name":"SHUTTER SHOP","description":"\u0645\u062a\u062c\u0631\u0643 \u0627\u0644\u0645\u0641\u0636\u0644 \u0644\u0643\u0644 \u0634\u064a\u0621 \u0627\u0644\u0625\u0646\u062a\u0627\u062c \u0648\u0623\u0643\u062b\u0631!","publisher":{"@id":"https:\/\/shuttershopegypt.com\/en\/#organization"},"alternateName":"SHUTTER SHOP","potentialAction":[{"@type":"SearchAction","target":{"@type":"EntryPoint","urlTemplate":"https:\/\/shuttershopegypt.com\/en\/?s={search_term_string}"},"query-input":{"@type":"PropertyValueSpecification","valueRequired":true,"valueName":"search_term_string"}}],"inLanguage":"ar"},{"@type":"Organization","@id":"https:\/\/shuttershopegypt.com\/en\/#organization","name":"SHUTTER SHOP","alternateName":"SHUTTER SHOP","url":"https:\/\/shuttershopegypt.com\/en\/","logo":{"@type":"ImageObject","inLanguage":"ar","@id":"https:\/\/shuttershopegypt.com\/en\/#\/schema\/logo\/image\/","url":"https:\/\/shuttershopegypt.com\/wp-content\/uploads\/2024\/06\/final-logo-1024.png","contentUrl":"https:\/\/shuttershopegypt.com\/wp-content\/uploads\/2024\/06\/final-logo-1024.png","width":1024,"height":1024,"caption":"SHUTTER SHOP"},"image":{"@id":"https:\/\/shuttershopegypt.com\/en\/#\/schema\/logo\/image\/"},"sameAs":["https:\/\/www.facebook.com\/SHUTTERSCO"],"email":"info@shuttershopegypt.com","telephone":"01222996858","legalName":"Bridges Trading","vatID":"552-310-018","numberOfEmployees":{"@type":"QuantitativeValue","minValue":"11","maxValue":"50"}}]},"product_brand":"Neewer","product_price_amount":"4999","product_price_currency":"EGP","og_availability":"instock","product_availability":"instock","product_retailer_item_id":"NE66603837","product_condition":"new"},"_links":{"self":[{"href":"https:\/\/shuttershopegypt.com\/ar\/wp-json\/wp\/v2\/product\/126674810","targetHints":{"allow":["GET"]}}],"collection":[{"href":"https:\/\/shuttershopegypt.com\/ar\/wp-json\/wp\/v2\/product"}],"about":[{"href":"https:\/\/shuttershopegypt.com\/ar\/wp-json\/wp\/v2\/types\/product"}],"replies":[{"embeddable":true,"href":"https:\/\/shuttershopegypt.com\/ar\/wp-json\/wp\/v2\/comments?post=126674810"}],"wp:featuredmedia":[{"embeddable":true,"href":"https:\/\/shuttershopegypt.com\/ar\/wp-json\/wp\/v2\/media\/126674812"}],"wp:attachment":[{"href":"https:\/\/shuttershopegypt.com\/ar\/wp-json\/wp\/v2\/media?parent=126674810"}],"wp:term":[{"taxonomy":"product_brand","embeddable":true,"href":"https:\/\/shuttershopegypt.com\/ar\/wp-json\/wp\/v2\/product_brand?post=126674810"},{"taxonomy":"product_cat","embeddable":true,"href":"https:\/\/shuttershopegypt.com\/ar\/wp-json\/wp\/v2\/product_cat?post=126674810"},{"taxonomy":"product_tag","embeddable":true,"href":"https:\/\/shuttershopegypt.com\/ar\/wp-json\/wp\/v2\/product_tag?post=126674810"}],"curies":[{"name":"wp","href":"https:\/\/api.w.org\/{rel}","templated":true}]}}