{"id":126666867,"date":"2025-12-14T11:55:33","date_gmt":"2025-12-14T09:55:33","guid":{"rendered":"https:\/\/shuttershopegypt.com\/?post_type=product&#038;p=126666867"},"modified":"2026-03-25T17:16:39","modified_gmt":"2026-03-25T15:16:39","slug":"rode-interview-pro-wireless-handheld-condenser-microphone","status":"publish","type":"product","link":"https:\/\/shuttershopegypt.com\/en\/shop-2\/rode-interview-pro-wireless-handheld-condenser-microphone\/","title":{"rendered":"RODE Interview PRO Wireless Handheld Condenser Microphone"},"content":{"rendered":"<div class=\"title_RiltKdop13\">\n<h2 class=\"text_TAw0W35QK_ comfy_TAw0W35QK_ sizeTitle2_TAw0W35QK_ weightNormal_TAw0W35QK_ primary_i3MsQsqoe0\" data-selenium=\"productTitle\">RODE Interview PRO Wireless Handheld Condenser Microphone Overview<\/h2>\n<div class=\"productDescription_UbV5SNP5Eo\" data-selenium=\"overviewLongDescription\">\n<div class=\"js-injected-html text_UbV5SNP5Eo\">\n<p>Achieve professional results in any content creation or broadcast recording scenario with the\u00a0<strong>Interview PRO<\/strong>\u00a0from\u00a0<strong>R\u00d8DE<\/strong>, a wireless handheld condenser microphone that&#8217;s compatible with all R\u00d8DE Series IV receivers. Sporting built-in 32-bit float recording (up to 40 hours) and GainAssist, you&#8217;ll walk away with a perfect take every time.<\/p>\n<p>The integrated transmitter utilizes state-of-the-art 2.4 GHz transmission technology for exceptionally stable audio over a long distance of 656&#8242; (line of sight). The high-quality omnidirectional condenser capsule is ideal for capturing a wide, natural sound that puts you right in the room and captures all the details of the human voice, allowing subjects to speak comfortably without worrying about mic position. And with an internal rechargeable battery that offers up to 30 hours of operation, you&#8217;re unlikely to run out of juice in the middle of a shoot. The Interview PRO includes a pop filter, a USB-C charging cable, a mic clip, and a ZP2 zipper pouch for storage and transport.<\/p>\n<\/div>\n<\/div>\n<div>\n<div class=\"feature_UbV5SNP5Eo\">\n<div class=\"feature_UbV5SNP5Eo\">\n<div class=\"feature_UbV5SNP5Eo\">\n<div class=\"featureHeader_UbV5SNP5Eo\">\n<div class=\"text_TAw0W35QK_ comfy_TAw0W35QK_ sizeTitle2_TAw0W35QK_ weightNormal_TAw0W35QK_ primary_i3MsQsqoe0\"><strong>Seamless Integration with Series IV Receivers<\/strong><\/div>\n<\/div>\n<div>\n<div class=\"js-injected-html text_UbV5SNP5Eo\">The Interview PRO ships with full compatibility with the entire range of R\u00d8DE Series IV wireless receivers, right out of the box. This includes the Wireless ME, Wireless GO II, Wireless PRO, R\u00d8DECaster Pro II, R\u00d8DECaster Duo, and more.<\/div>\n<\/div>\n<\/div>\n<div class=\"feature_UbV5SNP5Eo\">\n<div class=\"featureHeader_UbV5SNP5Eo\">\n<div class=\"text_TAw0W35QK_ comfy_TAw0W35QK_ sizeTitle2_TAw0W35QK_ weightNormal_TAw0W35QK_ primary_i3MsQsqoe0\"><strong>High-Quality Internal Recording<\/strong><\/div>\n<\/div>\n<div>\n<div class=\"js-injected-html text_UbV5SNP5Eo\">The internal recorder supports up to 40 hours of recording (32GB internal storage) and up to 32-bit floating point \/ 48 kHz recording resolutions. With 32-bit float, you get massive headroom to ensure the virtual elimination of any clipping that could occur. And with a special design that reduces handling noise, you will get pristine clean recordings whether recording internally or with a receiver.<\/div>\n<\/div>\n<\/div>\n<div class=\"feature_UbV5SNP5Eo\">\n<div class=\"featureHeader_UbV5SNP5Eo\">\n<div class=\"text_TAw0W35QK_ comfy_TAw0W35QK_ sizeTitle2_TAw0W35QK_ weightNormal_TAw0W35QK_ primary_i3MsQsqoe0\"><strong>GainAssist Built In<\/strong><\/div>\n<\/div>\n<div>\n<div class=\"js-injected-html text_UbV5SNP5Eo\">GainAssist utilizes intelligent algorithms that automatically monitor the incoming audio and control your volume levels on the fly, ensuring your audio is perfectly balanced during recordings. If the sound suddenly gets louder, GainAssist will compensate and bring the audio level down for you.If it is quieter, it will bring the audio level up. This ensures that your audio is smooth and balanced and helps prevent clipping in your recording because any audio peaks that might have overloaded your input will be reduced.<\/p>\n<\/div>\n<\/div>\n<\/div>\n<div class=\"feature_UbV5SNP5Eo\">\n<div class=\"featureHeader_UbV5SNP5Eo\">\n<div class=\"text_TAw0W35QK_ comfy_TAw0W35QK_ sizeTitle2_TAw0W35QK_ weightNormal_TAw0W35QK_ primary_i3MsQsqoe0\"><strong>Timecode Compatibility<\/strong><\/div>\n<\/div>\n<div>\n<div class=\"js-injected-html text_UbV5SNP5Eo\">When using receivers equipped with timecode support, such as the R\u00d8DE Wireless PRO, the Interview PRO will deliver full timecode info with your audio signals, ideal for professional broadcast and audio-for-video applications.<\/div>\n<\/div>\n<\/div>\n<\/div>\n<\/div>\n<\/div>\n<p>&nbsp;<\/p>\n<\/div>\n<div class=\"metaShare_RiltKdop13\">\n<div class=\"meta_RiltKdop13\">\n<div class=\"element_kcQ1qlyqn6\"><\/div>\n<\/div>\n<\/div>\n","protected":false},"excerpt":{"rendered":"<div class=\"title_OMS5rN7R1Z\">\n<div class=\"text_TAw0W35QK_ comfy_TAw0W35QK_ sizeTitle4_TAw0W35QK_ weightBold_TAw0W35QK_ primary_i3MsQsqoe0\" data-selenium=\"sellingPointsTitle\"><strong>Key Features<\/strong><\/div>\n<\/div>\n<ul class=\"list_OMS5rN7R1Z\">\n<li class=\"listItem_OMS5rN7R1Z\" data-selenium=\"sellingPointsListItem\">Ideal for Broadcast and Content Creation<\/li>\n<li class=\"listItem_OMS5rN7R1Z\" data-selenium=\"sellingPointsListItem\">Pair Seamlessly with Series IV Receivers<\/li>\n<li class=\"listItem_OMS5rN7R1Z\" data-selenium=\"sellingPointsListItem\">Omnidirectional Condenser Capsule<\/li>\n<li class=\"listItem_OMS5rN7R1Z\" data-selenium=\"sellingPointsListItem\">2.4 GHz Transmission<\/li>\n<li class=\"listItem_OMS5rN7R1Z\" data-selenium=\"sellingPointsListItem\">656&#8242; Line-of-Sight Range<\/li>\n<li class=\"listItem_OMS5rN7R1Z\" data-selenium=\"sellingPointsListItem\">32-Bit Float \/ 48 kHz Recording Built In<\/li>\n<li class=\"listItem_OMS5rN7R1Z\" data-selenium=\"sellingPointsListItem\">Intelligent GainAssist Technology<\/li>\n<li class=\"listItem_OMS5rN7R1Z\" data-selenium=\"sellingPointsListItem\">Low Handling Noise<\/li>\n<li class=\"listItem_OMS5rN7R1Z\" data-selenium=\"sellingPointsListItem\">Rechargeable Battery, Up to 30-Hour Use<\/li>\n<li class=\"listItem_OMS5rN7R1Z\" data-selenium=\"sellingPointsListItem\">Includes Pop Filter, USB Cable, Mic Clip<\/li>\n<\/ul>\n","protected":false},"featured_media":126666868,"comment_status":"open","ping_status":"closed","template":"","meta":{"_acf_changed":false},"product_brand":[],"product_cat":[70140,70141],"product_tag":[53046,55959,74480,60933,62974],"class_list":{"0":"post-126666867","1":"product","2":"type-product","3":"status-publish","4":"has-post-thumbnail","6":"product_cat-audio","7":"product_cat-microphones","8":"product_tag-24delivery","9":"product_tag-condenser-microphone","10":"product_tag-interview-pro","11":"product_tag-rode","12":"product_tag-wireless-handheld","13":"pa_brands-rode","14":"pa_delivery-2-4-days-delivery","16":"first","17":"instock","18":"shipping-taxable","19":"purchasable","20":"product-type-simple"},"acf":[],"yoast_head":"<!-- This site is optimized with the Yoast SEO Premium plugin v24.4 (Yoast SEO v27.4) - https:\/\/yoast.com\/product\/yoast-seo-premium-wordpress\/ -->\n<title>RODE Interview PRO Wireless Handheld Condenser Microphone - SHUTTER SHOP<\/title>\n<meta name=\"robots\" content=\"index, follow, max-snippet:-1, max-image-preview:large, max-video-preview:-1\" \/>\n<link rel=\"canonical\" href=\"https:\/\/shuttershopegypt.com\/en\/shop-2\/rode-interview-pro-wireless-handheld-condenser-microphone\/\" \/>\n<meta property=\"og:locale\" content=\"en_US\" \/>\n<meta property=\"og:type\" content=\"article\" \/>\n<meta property=\"og:title\" content=\"RODE Interview PRO Wireless Handheld Condenser Microphone\" \/>\n<meta property=\"og:description\" content=\"Key Features    Ideal for Broadcast and Content Creation  Pair Seamlessly with Series IV Receivers  Omnidirectional Condenser Capsule  2.4 GHz Transmission  656&#039; Line-of-Sight Range  32-Bit Float \/ 48 kHz Recording Built In  Intelligent GainAssist Technology  Low Handling Noise  Rechargeable Battery, Up to 30-Hour Use  Includes Pop Filter, USB Cable, Mic Clip\" \/>\n<meta property=\"og:url\" content=\"https:\/\/shuttershopegypt.com\/en\/shop-2\/rode-interview-pro-wireless-handheld-condenser-microphone\/\" \/>\n<meta property=\"og:site_name\" content=\"SHUTTER SHOP\" \/>\n<meta property=\"article:publisher\" content=\"https:\/\/www.facebook.com\/SHUTTERSCO\" \/>\n<meta property=\"article:modified_time\" content=\"2026-03-25T15:16:39+00:00\" \/>\n<meta property=\"og:image\" content=\"https:\/\/shuttershopegypt.com\/wp-content\/uploads\/2025\/12\/1713052003_1822541.jpg\" \/>\n\t<meta property=\"og:image:width\" content=\"500\" \/>\n\t<meta property=\"og:image:height\" content=\"500\" \/>\n\t<meta property=\"og:image:type\" content=\"image\/jpeg\" \/>\n<meta name=\"twitter:card\" content=\"summary_large_image\" \/>\n<meta name=\"twitter:label1\" content=\"Price\" \/>\n\t<meta name=\"twitter:data1\" content=\"15,000&nbsp;EGP\" \/>\n\t<meta name=\"twitter:label2\" content=\"Availability\" \/>\n\t<meta name=\"twitter:data2\" content=\"In stock\" \/>\n<script type=\"application\/ld+json\" class=\"yoast-schema-graph\">{\"@context\":\"https:\\\/\\\/schema.org\",\"@graph\":[{\"@type\":[\"WebPage\",\"ItemPage\"],\"@id\":\"https:\\\/\\\/shuttershopegypt.com\\\/shop-2\\\/rode-interview-pro-wireless-handheld-condenser-microphone\\\/\",\"url\":\"https:\\\/\\\/shuttershopegypt.com\\\/shop-2\\\/rode-interview-pro-wireless-handheld-condenser-microphone\\\/\",\"name\":\"RODE Interview PRO Wireless Handheld Condenser Microphone - SHUTTER SHOP\",\"isPartOf\":{\"@id\":\"https:\\\/\\\/shuttershopegypt.com\\\/en\\\/#website\"},\"primaryImageOfPage\":{\"@id\":\"https:\\\/\\\/shuttershopegypt.com\\\/shop-2\\\/rode-interview-pro-wireless-handheld-condenser-microphone\\\/#primaryimage\"},\"image\":{\"@id\":\"https:\\\/\\\/shuttershopegypt.com\\\/shop-2\\\/rode-interview-pro-wireless-handheld-condenser-microphone\\\/#primaryimage\"},\"thumbnailUrl\":\"https:\\\/\\\/shuttershopegypt.com\\\/wp-content\\\/uploads\\\/2025\\\/12\\\/1713052003_1822541.jpg\",\"datePublished\":\"2025-12-14T09:55:33+00:00\",\"dateModified\":\"2026-03-25T15:16:39+00:00\",\"breadcrumb\":{\"@id\":\"https:\\\/\\\/shuttershopegypt.com\\\/shop-2\\\/rode-interview-pro-wireless-handheld-condenser-microphone\\\/#breadcrumb\"},\"inLanguage\":\"en-US\",\"potentialAction\":[{\"@type\":\"ReadAction\",\"target\":[\"https:\\\/\\\/shuttershopegypt.com\\\/shop-2\\\/rode-interview-pro-wireless-handheld-condenser-microphone\\\/\"]}]},{\"@type\":\"ImageObject\",\"inLanguage\":\"en-US\",\"@id\":\"https:\\\/\\\/shuttershopegypt.com\\\/shop-2\\\/rode-interview-pro-wireless-handheld-condenser-microphone\\\/#primaryimage\",\"url\":\"https:\\\/\\\/shuttershopegypt.com\\\/wp-content\\\/uploads\\\/2025\\\/12\\\/1713052003_1822541.jpg\",\"contentUrl\":\"https:\\\/\\\/shuttershopegypt.com\\\/wp-content\\\/uploads\\\/2025\\\/12\\\/1713052003_1822541.jpg\",\"width\":500,\"height\":500},{\"@type\":\"BreadcrumbList\",\"@id\":\"https:\\\/\\\/shuttershopegypt.com\\\/shop-2\\\/rode-interview-pro-wireless-handheld-condenser-microphone\\\/#breadcrumb\",\"itemListElement\":[{\"@type\":\"ListItem\",\"position\":1,\"name\":\"Home\",\"item\":\"https:\\\/\\\/shuttershopegypt.com\\\/en\\\/\"},{\"@type\":\"ListItem\",\"position\":2,\"name\":\"Shop\",\"item\":\"https:\\\/\\\/shuttershopegypt.com\\\/en\\\/shop\\\/\"},{\"@type\":\"ListItem\",\"position\":3,\"name\":\"RODE Interview PRO Wireless Handheld Condenser Microphone\"}]},{\"@type\":\"WebSite\",\"@id\":\"https:\\\/\\\/shuttershopegypt.com\\\/en\\\/#website\",\"url\":\"https:\\\/\\\/shuttershopegypt.com\\\/en\\\/\",\"name\":\"SHUTTER SHOP\",\"description\":\"Your go-to shop for everything production and more!\",\"publisher\":{\"@id\":\"https:\\\/\\\/shuttershopegypt.com\\\/en\\\/#organization\"},\"alternateName\":\"SHUTTER SHOP\",\"potentialAction\":[{\"@type\":\"SearchAction\",\"target\":{\"@type\":\"EntryPoint\",\"urlTemplate\":\"https:\\\/\\\/shuttershopegypt.com\\\/en\\\/?s={search_term_string}\"},\"query-input\":{\"@type\":\"PropertyValueSpecification\",\"valueRequired\":true,\"valueName\":\"search_term_string\"}}],\"inLanguage\":\"en-US\"},{\"@type\":\"Organization\",\"@id\":\"https:\\\/\\\/shuttershopegypt.com\\\/en\\\/#organization\",\"name\":\"SHUTTER SHOP\",\"alternateName\":\"SHUTTER SHOP\",\"url\":\"https:\\\/\\\/shuttershopegypt.com\\\/en\\\/\",\"logo\":{\"@type\":\"ImageObject\",\"inLanguage\":\"en-US\",\"@id\":\"https:\\\/\\\/shuttershopegypt.com\\\/en\\\/#\\\/schema\\\/logo\\\/image\\\/\",\"url\":\"https:\\\/\\\/shuttershopegypt.com\\\/wp-content\\\/uploads\\\/2024\\\/06\\\/final-logo-1024.png\",\"contentUrl\":\"https:\\\/\\\/shuttershopegypt.com\\\/wp-content\\\/uploads\\\/2024\\\/06\\\/final-logo-1024.png\",\"width\":1024,\"height\":1024,\"caption\":\"SHUTTER SHOP\"},\"image\":{\"@id\":\"https:\\\/\\\/shuttershopegypt.com\\\/en\\\/#\\\/schema\\\/logo\\\/image\\\/\"},\"sameAs\":[\"https:\\\/\\\/www.facebook.com\\\/SHUTTERSCO\"],\"email\":\"info@shuttershopegypt.com\",\"telephone\":\"01222996858\",\"legalName\":\"Bridges Trading\",\"vatID\":\"552-310-018\",\"numberOfEmployees\":{\"@type\":\"QuantitativeValue\",\"minValue\":\"11\",\"maxValue\":\"50\"}}]}<\/script>\n<meta property=\"product:brand\" content=\"Rode\" \/>\n<meta property=\"product:price:amount\" content=\"15000\" \/>\n<meta property=\"product:price:currency\" content=\"EGP\" \/>\n<meta property=\"og:availability\" content=\"instock\" \/>\n<meta property=\"product:availability\" content=\"instock\" \/>\n<meta property=\"product:retailer_item_id\" content=\"ROINTERVIEWP\" \/>\n<meta property=\"product:condition\" content=\"new\" \/>\n<!-- \/ Yoast SEO Premium plugin. -->","yoast_head_json":{"title":"RODE Interview PRO Wireless Handheld Condenser Microphone - SHUTTER SHOP","robots":{"index":"index","follow":"follow","max-snippet":"max-snippet:-1","max-image-preview":"max-image-preview:large","max-video-preview":"max-video-preview:-1"},"canonical":"https:\/\/shuttershopegypt.com\/en\/shop-2\/rode-interview-pro-wireless-handheld-condenser-microphone\/","og_locale":"en_US","og_type":"article","og_title":"RODE Interview PRO Wireless Handheld Condenser Microphone","og_description":"Key Features    Ideal for Broadcast and Content Creation  Pair Seamlessly with Series IV Receivers  Omnidirectional Condenser Capsule  2.4 GHz Transmission  656' Line-of-Sight Range  32-Bit Float \/ 48 kHz Recording Built In  Intelligent GainAssist Technology  Low Handling Noise  Rechargeable Battery, Up to 30-Hour Use  Includes Pop Filter, USB Cable, Mic Clip","og_url":"https:\/\/shuttershopegypt.com\/en\/shop-2\/rode-interview-pro-wireless-handheld-condenser-microphone\/","og_site_name":"SHUTTER SHOP","article_publisher":"https:\/\/www.facebook.com\/SHUTTERSCO","article_modified_time":"2026-03-25T15:16:39+00:00","og_image":[{"width":500,"height":500,"url":"https:\/\/shuttershopegypt.com\/wp-content\/uploads\/2025\/12\/1713052003_1822541.jpg","type":"image\/jpeg"}],"twitter_card":"summary_large_image","twitter_misc":{"Price":"15,000&nbsp;EGP","Availability":"In stock"},"schema":{"@context":"https:\/\/schema.org","@graph":[{"@type":["WebPage","ItemPage"],"@id":"https:\/\/shuttershopegypt.com\/shop-2\/rode-interview-pro-wireless-handheld-condenser-microphone\/","url":"https:\/\/shuttershopegypt.com\/shop-2\/rode-interview-pro-wireless-handheld-condenser-microphone\/","name":"RODE Interview PRO Wireless Handheld Condenser Microphone - SHUTTER SHOP","isPartOf":{"@id":"https:\/\/shuttershopegypt.com\/en\/#website"},"primaryImageOfPage":{"@id":"https:\/\/shuttershopegypt.com\/shop-2\/rode-interview-pro-wireless-handheld-condenser-microphone\/#primaryimage"},"image":{"@id":"https:\/\/shuttershopegypt.com\/shop-2\/rode-interview-pro-wireless-handheld-condenser-microphone\/#primaryimage"},"thumbnailUrl":"https:\/\/shuttershopegypt.com\/wp-content\/uploads\/2025\/12\/1713052003_1822541.jpg","datePublished":"2025-12-14T09:55:33+00:00","dateModified":"2026-03-25T15:16:39+00:00","breadcrumb":{"@id":"https:\/\/shuttershopegypt.com\/shop-2\/rode-interview-pro-wireless-handheld-condenser-microphone\/#breadcrumb"},"inLanguage":"en-US","potentialAction":[{"@type":"ReadAction","target":["https:\/\/shuttershopegypt.com\/shop-2\/rode-interview-pro-wireless-handheld-condenser-microphone\/"]}]},{"@type":"ImageObject","inLanguage":"en-US","@id":"https:\/\/shuttershopegypt.com\/shop-2\/rode-interview-pro-wireless-handheld-condenser-microphone\/#primaryimage","url":"https:\/\/shuttershopegypt.com\/wp-content\/uploads\/2025\/12\/1713052003_1822541.jpg","contentUrl":"https:\/\/shuttershopegypt.com\/wp-content\/uploads\/2025\/12\/1713052003_1822541.jpg","width":500,"height":500},{"@type":"BreadcrumbList","@id":"https:\/\/shuttershopegypt.com\/shop-2\/rode-interview-pro-wireless-handheld-condenser-microphone\/#breadcrumb","itemListElement":[{"@type":"ListItem","position":1,"name":"Home","item":"https:\/\/shuttershopegypt.com\/en\/"},{"@type":"ListItem","position":2,"name":"Shop","item":"https:\/\/shuttershopegypt.com\/en\/shop\/"},{"@type":"ListItem","position":3,"name":"RODE Interview PRO Wireless Handheld Condenser Microphone"}]},{"@type":"WebSite","@id":"https:\/\/shuttershopegypt.com\/en\/#website","url":"https:\/\/shuttershopegypt.com\/en\/","name":"SHUTTER SHOP","description":"Your go-to shop for everything production and more!","publisher":{"@id":"https:\/\/shuttershopegypt.com\/en\/#organization"},"alternateName":"SHUTTER SHOP","potentialAction":[{"@type":"SearchAction","target":{"@type":"EntryPoint","urlTemplate":"https:\/\/shuttershopegypt.com\/en\/?s={search_term_string}"},"query-input":{"@type":"PropertyValueSpecification","valueRequired":true,"valueName":"search_term_string"}}],"inLanguage":"en-US"},{"@type":"Organization","@id":"https:\/\/shuttershopegypt.com\/en\/#organization","name":"SHUTTER SHOP","alternateName":"SHUTTER SHOP","url":"https:\/\/shuttershopegypt.com\/en\/","logo":{"@type":"ImageObject","inLanguage":"en-US","@id":"https:\/\/shuttershopegypt.com\/en\/#\/schema\/logo\/image\/","url":"https:\/\/shuttershopegypt.com\/wp-content\/uploads\/2024\/06\/final-logo-1024.png","contentUrl":"https:\/\/shuttershopegypt.com\/wp-content\/uploads\/2024\/06\/final-logo-1024.png","width":1024,"height":1024,"caption":"SHUTTER SHOP"},"image":{"@id":"https:\/\/shuttershopegypt.com\/en\/#\/schema\/logo\/image\/"},"sameAs":["https:\/\/www.facebook.com\/SHUTTERSCO"],"email":"info@shuttershopegypt.com","telephone":"01222996858","legalName":"Bridges Trading","vatID":"552-310-018","numberOfEmployees":{"@type":"QuantitativeValue","minValue":"11","maxValue":"50"}}]},"product_brand":"Rode","product_price_amount":"15000","product_price_currency":"EGP","og_availability":"instock","product_availability":"instock","product_retailer_item_id":"ROINTERVIEWP","product_condition":"new"},"_links":{"self":[{"href":"https:\/\/shuttershopegypt.com\/en\/wp-json\/wp\/v2\/product\/126666867","targetHints":{"allow":["GET"]}}],"collection":[{"href":"https:\/\/shuttershopegypt.com\/en\/wp-json\/wp\/v2\/product"}],"about":[{"href":"https:\/\/shuttershopegypt.com\/en\/wp-json\/wp\/v2\/types\/product"}],"replies":[{"embeddable":true,"href":"https:\/\/shuttershopegypt.com\/en\/wp-json\/wp\/v2\/comments?post=126666867"}],"wp:featuredmedia":[{"embeddable":true,"href":"https:\/\/shuttershopegypt.com\/en\/wp-json\/wp\/v2\/media\/126666868"}],"wp:attachment":[{"href":"https:\/\/shuttershopegypt.com\/en\/wp-json\/wp\/v2\/media?parent=126666867"}],"wp:term":[{"taxonomy":"product_brand","embeddable":true,"href":"https:\/\/shuttershopegypt.com\/en\/wp-json\/wp\/v2\/product_brand?post=126666867"},{"taxonomy":"product_cat","embeddable":true,"href":"https:\/\/shuttershopegypt.com\/en\/wp-json\/wp\/v2\/product_cat?post=126666867"},{"taxonomy":"product_tag","embeddable":true,"href":"https:\/\/shuttershopegypt.com\/en\/wp-json\/wp\/v2\/product_tag?post=126666867"}],"curies":[{"name":"wp","href":"https:\/\/api.w.org\/{rel}","templated":true}]}}